{"id":79,"date":"2020-01-05T19:12:45","date_gmt":"2020-01-05T23:12:45","guid":{"rendered":"https:\/\/volverensi.com\/site\/?page_id=79"},"modified":"2025-07-30T20:26:18","modified_gmt":"2025-07-31T00:26:18","slug":"nosotros","status":"publish","type":"page","link":"https:\/\/volverensi.com\/site\/nosotros\/","title":{"rendered":"NOSOTROS"},"content":{"rendered":"<div class=\"wp-block-image\">\n<figure class=\"aligncenter size-large is-resized\"><img loading=\"lazy\" decoding=\"async\" width=\"1024\" height=\"1024\" src=\"https:\/\/volverensi.com\/site\/wp-content\/uploads\/2020\/01\/Logo-Volver-en-si-para-tarjetas-1024x1024.jpg\" alt=\"\" class=\"wp-image-22\" style=\"width:362px;height:362px\" srcset=\"https:\/\/volverensi.com\/site\/wp-content\/uploads\/2020\/01\/Logo-Volver-en-si-para-tarjetas-1024x1024.jpg 1024w, https:\/\/volverensi.com\/site\/wp-content\/uploads\/2020\/01\/Logo-Volver-en-si-para-tarjetas-300x300.jpg 300w, https:\/\/volverensi.com\/site\/wp-content\/uploads\/2020\/01\/Logo-Volver-en-si-para-tarjetas-150x150.jpg 150w, https:\/\/volverensi.com\/site\/wp-content\/uploads\/2020\/01\/Logo-Volver-en-si-para-tarjetas-768x768.jpg 768w, https:\/\/volverensi.com\/site\/wp-content\/uploads\/2020\/01\/Logo-Volver-en-si-para-tarjetas.jpg 1080w\" sizes=\"auto, (max-width: 706px) 89vw, (max-width: 767px) 82vw, 740px\" \/><\/figure>\n<\/div>\n\n\n<p class=\"has-text-align-center\"><em>Dedicada al servicio de Comunicar para la Vida  a  trav\u00e9s de nuestra emisora online, facilitaci\u00f3n de cursos, charlas, conferencias y talleres, con alta pedagog\u00eda espiritual, para fortalecer valores universales que motiven el cambio multidimensional, \u00a0coherente y consciente  as\u00ed como  coadyuven a construir armon\u00eda interior y la excelencia humana<\/em>.<\/p>\n\n\n\n<p class=\"has-text-align-center\"><em>Planificamos, producimos y ejecutamos distintas actividades tales como programas de radio, orientaci\u00f3n hol\u00edstica,  servicios  de  astrolog\u00eda, tarot, \u00a0relajaci\u00f3n, meditaci\u00f3n. Brindamos el servicio de orientaci\u00f3n hol\u00edstica para personas con familiares enfermos<\/em> (SOHPFE).<\/p>\n\n\n\n<div class=\"wp-block-media-text alignwide has-background has-pale-cyan-blue-background-color\"><figure class=\"wp-block-media-text__media\"><img loading=\"lazy\" decoding=\"async\" width=\"636\" height=\"215\" src=\"https:\/\/volverensi.com\/site\/wp-content\/uploads\/2020\/01\/avatar.png\" alt=\"\" class=\"wp-image-109 size-full\" srcset=\"https:\/\/volverensi.com\/site\/wp-content\/uploads\/2020\/01\/avatar.png 636w, https:\/\/volverensi.com\/site\/wp-content\/uploads\/2020\/01\/avatar-300x101.png 300w\" sizes=\"auto, (max-width: 636px) 100vw, 636px\" \/><\/figure><div class=\"wp-block-media-text__content\">\n<blockquote class=\"wp-block-quote has-text-align-center is-layout-flow wp-block-quote-is-layout-flow\">\n<p>\u00abSeamos el cambio que deseamos ver en el mundo\u00bb<\/p>\n<cite><strong>Mahatma Gandhi<\/strong><\/cite><\/blockquote>\n<\/div><\/div>\n\n\n\n<figure class=\"wp-block-image size-large\"><img loading=\"lazy\" decoding=\"async\" width=\"1024\" height=\"576\" src=\"https:\/\/volverensi.com\/site\/wp-content\/uploads\/2020\/01\/FotoNayive2019.-copia-1024x576.jpg\" alt=\"\" class=\"wp-image-111\" srcset=\"https:\/\/volverensi.com\/site\/wp-content\/uploads\/2020\/01\/FotoNayive2019.-copia-1024x576.jpg 1024w, https:\/\/volverensi.com\/site\/wp-content\/uploads\/2020\/01\/FotoNayive2019.-copia-300x169.jpg 300w, https:\/\/volverensi.com\/site\/wp-content\/uploads\/2020\/01\/FotoNayive2019.-copia-768x432.jpg 768w, https:\/\/volverensi.com\/site\/wp-content\/uploads\/2020\/01\/FotoNayive2019.-copia.jpg 1280w\" sizes=\"auto, (max-width: 706px) 89vw, (max-width: 767px) 82vw, 740px\" \/><\/figure>\n\n\n\n<div class=\"wp-block-media-text alignwide has-media-on-the-right is-vertically-aligned-center has-background has-vivid-green-cyan-background-color\" style=\"grid-template-columns:auto 40%\"><div class=\"wp-block-media-text__content\">\n<blockquote class=\"wp-block-quote is-layout-flow wp-block-quote-is-layout-flow\">\n<p><em>\u00ab<\/em>Que todos los seres sean felices.\u00bb<\/p>\n<\/blockquote>\n\n\n\n<p><strong> <\/strong><\/p>\n<\/div><figure class=\"wp-block-media-text__media\"><img loading=\"lazy\" decoding=\"async\" width=\"286\" height=\"268\" src=\"https:\/\/volverensi.com\/site\/wp-content\/uploads\/2020\/01\/MEDITACION1..png\" alt=\"\" class=\"wp-image-128 size-full\"\/><\/figure><\/div>\n\n\n\n<h2 class=\"wp-block-heading\"><\/h2>\n\n\n\n<p class=\"has-text-align-center\"><\/p>\n","protected":false},"excerpt":{"rendered":"<p>Dedicada al servicio de Comunicar para la Vida a trav\u00e9s de nuestra emisora online, facilitaci\u00f3n de cursos, charlas, conferencias y talleres, con alta pedagog\u00eda espiritual, para fortalecer valores universales que motiven el cambio multidimensional, \u00a0coherente y consciente as\u00ed como coadyuven a construir armon\u00eda interior y la excelencia humana. Planificamos, producimos y ejecutamos distintas actividades tales &hellip; <\/p>\n<p class=\"link-more\"><a href=\"https:\/\/volverensi.com\/site\/nosotros\/\" class=\"more-link\">Continuar leyendo<span class=\"screen-reader-text\"> \u00abNOSOTROS\u00bb<\/span><\/a><\/p>\n","protected":false},"author":1,"featured_media":0,"parent":0,"menu_order":0,"comment_status":"closed","ping_status":"closed","template":"","meta":{"footnotes":""},"class_list":["post-79","page","type-page","status-publish","hentry"],"_links":{"self":[{"href":"https:\/\/volverensi.com\/site\/wp-json\/wp\/v2\/pages\/79","targetHints":{"allow":["GET"]}}],"collection":[{"href":"https:\/\/volverensi.com\/site\/wp-json\/wp\/v2\/pages"}],"about":[{"href":"https:\/\/volverensi.com\/site\/wp-json\/wp\/v2\/types\/page"}],"author":[{"embeddable":true,"href":"https:\/\/volverensi.com\/site\/wp-json\/wp\/v2\/users\/1"}],"replies":[{"embeddable":true,"href":"https:\/\/volverensi.com\/site\/wp-json\/wp\/v2\/comments?post=79"}],"version-history":[{"count":14,"href":"https:\/\/volverensi.com\/site\/wp-json\/wp\/v2\/pages\/79\/revisions"}],"predecessor-version":[{"id":484,"href":"https:\/\/volverensi.com\/site\/wp-json\/wp\/v2\/pages\/79\/revisions\/484"}],"wp:attachment":[{"href":"https:\/\/volverensi.com\/site\/wp-json\/wp\/v2\/media?parent=79"}],"curies":[{"name":"wp","href":"https:\/\/api.w.org\/{rel}","templated":true}]}}