{"id":75,"date":"2020-01-05T19:11:07","date_gmt":"2020-01-05T23:11:07","guid":{"rendered":"https:\/\/volverensi.com\/site\/?page_id=75"},"modified":"2025-07-30T20:30:17","modified_gmt":"2025-07-31T00:30:17","slug":"servicios","status":"publish","type":"page","link":"https:\/\/volverensi.com\/site\/servicios\/","title":{"rendered":"SERVICIOS"},"content":{"rendered":"\n<div class=\"wp-block-media-text alignwide has-media-on-the-right is-stacked-on-mobile\"><div class=\"wp-block-media-text__content\">\n<p class=\"has-text-align-center has-medium-font-size\"><strong>Radio Online<\/strong>, producci\u00f3n  y elaboraci\u00f3n de programas, servicios de publicidad. <\/p>\n<\/div><figure class=\"wp-block-media-text__media\"><img loading=\"lazy\" decoding=\"async\" width=\"364\" height=\"286\" src=\"https:\/\/volverensi.com\/site\/wp-content\/uploads\/2020\/02\/9a8c4f03e5f595dfed9d25fa7a8d2d0a.jpg\" alt=\"\" class=\"wp-image-204 size-full\" srcset=\"https:\/\/volverensi.com\/site\/wp-content\/uploads\/2020\/02\/9a8c4f03e5f595dfed9d25fa7a8d2d0a.jpg 364w, https:\/\/volverensi.com\/site\/wp-content\/uploads\/2020\/02\/9a8c4f03e5f595dfed9d25fa7a8d2d0a-300x236.jpg 300w\" sizes=\"auto, (max-width: 364px) 100vw, 364px\" \/><\/figure><\/div>\n\n\n\n<div class=\"wp-block-media-text is-stacked-on-mobile\" style=\"grid-template-columns:66% auto\"><figure class=\"wp-block-media-text__media\"><video controls src=\"https:\/\/volverensi.com\/site\/wp-content\/uploads\/2023\/10\/VID-20230715-WA0125-1.mp4\"><\/video><\/figure><div class=\"wp-block-media-text__content\">\n<p class=\"has-text-align-center\">Distribuimos para Altos Mirandinos, Zona Los Teques, estado Miranda, Venezuela, la l\u00ednea de productos @VenezuelaDavida Asesor\u00eda Profesional sobre terapias oxidativas.<\/p>\n<\/div><\/div>\n\n\n\n<div class=\"wp-block-media-text has-media-on-the-right is-stacked-on-mobile\" style=\"grid-template-columns:auto 68%\"><div class=\"wp-block-media-text__content\">\n<p class=\"has-text-align-right\">Dedicada a Salvar, Sanar Vidas. Brindo Asesor\u00eda y Seguimiento  en el uso de nuestros productos. <strong>#C\u00farateConCDS<\/strong><\/p>\n<\/div><figure class=\"wp-block-media-text__media\"><video controls src=\"https:\/\/volverensi.com\/site\/wp-content\/uploads\/2023\/10\/VID-20230715-WA0124-1.mp4\"><\/video><\/figure><\/div>\n\n\n\n<div class=\"wp-block-media-text is-stacked-on-mobile\" style=\"grid-template-columns:47% auto\"><figure class=\"wp-block-media-text__media\"><img loading=\"lazy\" decoding=\"async\" width=\"432\" height=\"540\" src=\"https:\/\/volverensi.com\/site\/wp-content\/uploads\/2023\/10\/IMG_20230201_142551_734-1.jpg\" alt=\"\" class=\"wp-image-444 size-full\" srcset=\"https:\/\/volverensi.com\/site\/wp-content\/uploads\/2023\/10\/IMG_20230201_142551_734-1.jpg 432w, https:\/\/volverensi.com\/site\/wp-content\/uploads\/2023\/10\/IMG_20230201_142551_734-1-240x300.jpg 240w\" sizes=\"auto, (max-width: 432px) 100vw, 432px\" \/><\/figure><div class=\"wp-block-media-text__content\">\n<p class=\"has-text-align-center\">Compra m\u00ednima al mayor: 6 libros. Descuentos para profesionales y estudiantes de la salud.<\/p>\n\n\n\n<p class=\"has-text-align-center\"> Pedidos a <strong>+58 414 1138776 <\/strong><\/p>\n\n\n\n<p class=\"has-text-align-center\">Incurable era ayer.                                            Hoy: <strong>toda enfermedad tiene cura.<\/strong> Preg\u00fantanos c\u00f3mo es eso posible.     C\u00farate con #CDS <\/p>\n<\/div><\/div>\n\n\n\n<div class=\"wp-block-media-text has-media-on-the-right is-stacked-on-mobile\" style=\"grid-template-columns:auto 61%\"><div class=\"wp-block-media-text__content\">\n<p><\/p>\n\n\n\n<p class=\"has-text-align-right\"><strong>BYE BYE COVID<\/strong>.                        El remedio al coronavirus que NO quieren que sepas. Esta obra es una <strong>EVIDENCIA <\/strong>de impacto,  un libro escrito por m\u00e9dicos y profesionales valientes, que nos presentan los irrefutables resultados del tratamiento con CDS (Di\u00f3xido de Cloro)  contra el Coronavirus, una soluci\u00f3n simple, f\u00e1cil, eficaz, eficiente (econ\u00f3mica)  y efectiva para salvar vidas.<\/p>\n<\/div><figure class=\"wp-block-media-text__media\"><img loading=\"lazy\" decoding=\"async\" width=\"960\" height=\"720\" src=\"https:\/\/volverensi.com\/site\/wp-content\/uploads\/2023\/10\/Diapositiva4.jpg\" alt=\"\" class=\"wp-image-459 size-full\" srcset=\"https:\/\/volverensi.com\/site\/wp-content\/uploads\/2023\/10\/Diapositiva4.jpg 960w, https:\/\/volverensi.com\/site\/wp-content\/uploads\/2023\/10\/Diapositiva4-300x225.jpg 300w, https:\/\/volverensi.com\/site\/wp-content\/uploads\/2023\/10\/Diapositiva4-768x576.jpg 768w\" sizes=\"auto, (max-width: 706px) 89vw, (max-width: 767px) 82vw, 740px\" \/><\/figure><\/div>\n\n\n\n<p class=\"has-text-align-center has-medium-font-size\"><\/p>\n\n\n\n<div class=\"wp-block-media-text alignwide has-media-on-the-right is-stacked-on-mobile\"><div class=\"wp-block-media-text__content\">\n<p class=\"has-text-align-right\">Nuestra radio online <strong>volverensi.com <\/strong>coloca a tu disposici\u00f3n, diariamente, entre las 6 de la ma\u00f1ana y las 10 de la noche (hora de Venezuela), distintos tipos de Meditaciones, coadyuvantes de tu salud y bienestar<\/p>\n<\/div><figure class=\"wp-block-media-text__media\"><video controls src=\"https:\/\/volverensi.com\/site\/wp-content\/uploads\/2023\/10\/Meditar-es-Gratis.mp4\"><\/video><\/figure><\/div>\n\n\n\n<div class=\"wp-block-media-text alignwide has-media-on-the-right is-stacked-on-mobile\" style=\"grid-template-columns:auto 42%\"><div class=\"wp-block-media-text__content\">\n<p class=\"has-text-align-center has-medium-font-size\"><strong>Tarot <\/strong>(Egipcio, Rider y Macondo) encuentro personalizado para revisar situaciones de vida, consultas previa cita.<\/p>\n<\/div><figure class=\"wp-block-media-text__media\"><img loading=\"lazy\" decoding=\"async\" width=\"554\" height=\"768\" src=\"https:\/\/volverensi.com\/site\/wp-content\/uploads\/2020\/01\/91a4d97ba60138a4f5442ef1fc10cb36.jpg\" alt=\"\" class=\"wp-image-176 size-full\" srcset=\"https:\/\/volverensi.com\/site\/wp-content\/uploads\/2020\/01\/91a4d97ba60138a4f5442ef1fc10cb36.jpg 554w, https:\/\/volverensi.com\/site\/wp-content\/uploads\/2020\/01\/91a4d97ba60138a4f5442ef1fc10cb36-216x300.jpg 216w\" sizes=\"auto, (max-width: 554px) 100vw, 554px\" \/><\/figure><\/div>\n\n\n\n<div class=\"wp-block-media-text is-stacked-on-mobile\"><figure class=\"wp-block-media-text__media\"><\/figure><div class=\"wp-block-media-text__content\">\n<p><\/p>\n<\/div><\/div>\n\n\n\n<p><\/p>\n","protected":false},"excerpt":{"rendered":"<p>Radio Online, producci\u00f3n y elaboraci\u00f3n de programas, servicios de publicidad. Distribuimos para Altos Mirandinos, Zona Los Teques, estado Miranda, Venezuela, la l\u00ednea de productos @VenezuelaDavida Asesor\u00eda Profesional sobre terapias oxidativas. Dedicada a Salvar, Sanar Vidas. Brindo Asesor\u00eda y Seguimiento en el uso de nuestros productos. #C\u00farateConCDS Compra m\u00ednima al mayor: 6 libros. Descuentos para profesionales &hellip; <\/p>\n<p class=\"link-more\"><a href=\"https:\/\/volverensi.com\/site\/servicios\/\" class=\"more-link\">Continuar leyendo<span class=\"screen-reader-text\"> \u00abSERVICIOS\u00bb<\/span><\/a><\/p>\n","protected":false},"author":1,"featured_media":0,"parent":0,"menu_order":0,"comment_status":"closed","ping_status":"closed","template":"","meta":{"footnotes":""},"class_list":["post-75","page","type-page","status-publish","hentry"],"_links":{"self":[{"href":"https:\/\/volverensi.com\/site\/wp-json\/wp\/v2\/pages\/75","targetHints":{"allow":["GET"]}}],"collection":[{"href":"https:\/\/volverensi.com\/site\/wp-json\/wp\/v2\/pages"}],"about":[{"href":"https:\/\/volverensi.com\/site\/wp-json\/wp\/v2\/types\/page"}],"author":[{"embeddable":true,"href":"https:\/\/volverensi.com\/site\/wp-json\/wp\/v2\/users\/1"}],"replies":[{"embeddable":true,"href":"https:\/\/volverensi.com\/site\/wp-json\/wp\/v2\/comments?post=75"}],"version-history":[{"count":33,"href":"https:\/\/volverensi.com\/site\/wp-json\/wp\/v2\/pages\/75\/revisions"}],"predecessor-version":[{"id":486,"href":"https:\/\/volverensi.com\/site\/wp-json\/wp\/v2\/pages\/75\/revisions\/486"}],"wp:attachment":[{"href":"https:\/\/volverensi.com\/site\/wp-json\/wp\/v2\/media?parent=75"}],"curies":[{"name":"wp","href":"https:\/\/api.w.org\/{rel}","templated":true}]}}