{"id":12,"date":"2020-01-02T23:04:33","date_gmt":"2020-01-02T23:04:33","guid":{"rendered":"https:\/\/volverensi.com\/site\/?page_id=12"},"modified":"2025-07-30T20:32:13","modified_gmt":"2025-07-31T00:32:13","slug":"inicio","status":"publish","type":"page","link":"https:\/\/volverensi.com\/site\/","title":{"rendered":"INICIO"},"content":{"rendered":"<div class=\"wp-block-image is-style-default\">\n<figure class=\"aligncenter size-large is-resized\"><img loading=\"lazy\" decoding=\"async\" width=\"960\" height=\"466\" src=\"https:\/\/volverensi.com\/site\/wp-content\/uploads\/2020\/01\/Volverensi.com2_..jpg\" alt=\"\" class=\"wp-image-36\" style=\"width:644px;height:312px\" srcset=\"https:\/\/volverensi.com\/site\/wp-content\/uploads\/2020\/01\/Volverensi.com2_..jpg 960w, https:\/\/volverensi.com\/site\/wp-content\/uploads\/2020\/01\/Volverensi.com2_.-300x146.jpg 300w, https:\/\/volverensi.com\/site\/wp-content\/uploads\/2020\/01\/Volverensi.com2_.-768x373.jpg 768w\" sizes=\"auto, (max-width: 706px) 89vw, (max-width: 767px) 82vw, 740px\" \/><\/figure>\n<\/div>\n\n\n<p class=\"has-text-align-center\"><strong><em>Somos Radio Online,<br>\u00a0comunicaci\u00f3n <\/em>para la vida<\/strong><\/p>\n\n\n\n<p class=\"has-text-align-center\"><strong>Seamos el cambio que queremos ver cada d\u00eda&#8230;<\/strong><br><\/p>\n\n\n<div class=\"wp-block-image\">\n<figure class=\"aligncenter size-full is-resized\"><img loading=\"lazy\" decoding=\"async\" width=\"574\" height=\"720\" src=\"https:\/\/volverensi.com\/site\/wp-content\/uploads\/2023\/06\/Nayive-Informes-Cartas.jpg\" alt=\"\" class=\"wp-image-370\" style=\"width:177px;height:222px\" srcset=\"https:\/\/volverensi.com\/site\/wp-content\/uploads\/2023\/06\/Nayive-Informes-Cartas.jpg 574w, https:\/\/volverensi.com\/site\/wp-content\/uploads\/2023\/06\/Nayive-Informes-Cartas-239x300.jpg 239w\" sizes=\"auto, (max-width: 574px) 100vw, 574px\" \/><\/figure>\n<\/div>\n\n\n<p class=\"has-text-align-center\"><strong>Nuestro compromiso es con una COMUNICACI\u00d3N para la vida.<\/strong><\/p>\n\n\n\n<p class=\"has-text-align-center\"><strong>Difundimos valores Universales con alta pedagog\u00eda <\/strong><\/p>\n\n\n\n<p class=\"has-text-align-center\"><strong>espiritual.<\/strong><\/p>\n\n\n\n<p class=\"has-text-align-center\"><strong>Somos radio de excelencia musical, crecimiento multidimensional y armon\u00eda a tu alcance.<\/strong><\/p>\n\n\n\n<p class=\"has-text-align-center\"><strong><em>Gracias a &nbsp;todos por @volverensi cada d\u00eda<\/em><\/strong>.<\/p>\n\n\n\n<p class=\"has-text-align-center\"><\/p>\n\n\n\n<figure class=\"wp-block-table\"><table><tbody><tr><td class=\"has-text-align-center\" data-align=\"center\"><strong>Enlace para escucharnos en tu celular<br>https:\/\/redradioypc.com:8019\/nayiveteques<\/strong><br><\/td><\/tr><\/tbody><\/table><\/figure>\n\n\n\n<p><\/p>\n\n\n\n<p class=\"has-text-align-center\"><\/p>\n\n\n\n<p class=\"has-text-align-center\"><\/p>\n\n\n\n<p><\/p>\n\n\n\n<p> <strong><em><br><\/em><\/strong><br><\/p>\n\n\n\n<p><br><\/p>\n\n\n\n<p><\/p>\n","protected":false},"excerpt":{"rendered":"<p>Somos Radio Online,\u00a0comunicaci\u00f3n para la vida Seamos el cambio que queremos ver cada d\u00eda&#8230; Nuestro compromiso es con una COMUNICACI\u00d3N para la vida. Difundimos valores Universales con alta pedagog\u00eda espiritual. Somos radio de excelencia musical, crecimiento multidimensional y armon\u00eda a tu alcance. Gracias a &nbsp;todos por @volverensi cada d\u00eda. Enlace para escucharnos en tu celularhttps:\/\/redradioypc.com:8019\/nayiveteques<\/p>\n","protected":false},"author":1,"featured_media":0,"parent":0,"menu_order":0,"comment_status":"closed","ping_status":"closed","template":"","meta":{"footnotes":""},"class_list":["post-12","page","type-page","status-publish","hentry"],"_links":{"self":[{"href":"https:\/\/volverensi.com\/site\/wp-json\/wp\/v2\/pages\/12","targetHints":{"allow":["GET"]}}],"collection":[{"href":"https:\/\/volverensi.com\/site\/wp-json\/wp\/v2\/pages"}],"about":[{"href":"https:\/\/volverensi.com\/site\/wp-json\/wp\/v2\/types\/page"}],"author":[{"embeddable":true,"href":"https:\/\/volverensi.com\/site\/wp-json\/wp\/v2\/users\/1"}],"replies":[{"embeddable":true,"href":"https:\/\/volverensi.com\/site\/wp-json\/wp\/v2\/comments?post=12"}],"version-history":[{"count":15,"href":"https:\/\/volverensi.com\/site\/wp-json\/wp\/v2\/pages\/12\/revisions"}],"predecessor-version":[{"id":487,"href":"https:\/\/volverensi.com\/site\/wp-json\/wp\/v2\/pages\/12\/revisions\/487"}],"wp:attachment":[{"href":"https:\/\/volverensi.com\/site\/wp-json\/wp\/v2\/media?parent=12"}],"curies":[{"name":"wp","href":"https:\/\/api.w.org\/{rel}","templated":true}]}}